{"id":92,"date":"2011-03-03T09:13:08","date_gmt":"2011-03-03T09:13:08","guid":{"rendered":"http:\/\/feuerwehr-hambach.de\/wordpress\/?page_id=92"},"modified":"2016-09-24T11:44:37","modified_gmt":"2016-09-24T11:44:37","slug":"brandschutz","status":"publish","type":"page","link":"https:\/\/feuerwehr-hambach.de\/?page_id=92","title":{"rendered":"Was tun, wenn es brennt?"},"content":{"rendered":"<h2><\/h2>\n<div>\n<table border=\"4\" width=\"60%\" cellspacing=\"5\" cellpadding=\"5\" bgcolor=\"#ffffff\">\n<tbody>\n<tr>\n<td align=\"center\"><strong>Ruhe bewahren, nicht in Panik geraten!<\/strong><\/td>\n<\/tr>\n<tr>\n<td align=\"center\"><strong>Verlassen Sie mit allen anderen Haushaltsmitgliedern umgehend die Wohnung. Halten Sie sich nicht auf, um irgendetwas mitzunehmen!<\/strong><\/td>\n<\/tr>\n<tr>\n<td align=\"center\"><strong>Bewegen Sie sich bei dichtem Rauch m\u00f6glichst in Bodenn\u00e4he!<\/strong><\/td>\n<\/tr>\n<tr>\n<td align=\"center\"><strong>Halten Sie T\u00fcren und Fenster brennender R\u00e4ume geschlossen, um eine Ausbreitung von Feuer und Rauch zu verhindern!<\/strong><\/td>\n<\/tr>\n<tr>\n<td align=\"center\"><strong>Rufen Sie die Feuerwehr (Telefon 112) an und melden Sie: <\/strong><\/p>\n<blockquote>\n<blockquote>\n<h2><strong><span style=\"color: #ff0000;\">Was<\/span> ist passiert?<\/strong><br \/>\n<strong> <span style=\"color: #ff0000;\">Wo<\/span> ist es passiert?<\/strong><br \/>\n<strong> <span style=\"color: #ff0000;\">Wie<\/span> viele Verletzte?<\/strong><br \/>\n<strong> <span style=\"color: #ff0000;\">Wer<\/span> meldet?<\/strong><br \/>\n<strong> <span style=\"color: #ff0000;\">Warten<\/span> auf Nachfragen.<\/strong><\/h2>\n<\/blockquote>\n<\/blockquote>\n<\/td>\n<\/tr>\n<tr>\n<td align=\"center\"><strong>Warnen Sie andere Hausbewohner!<\/strong><\/td>\n<\/tr>\n<\/tbody>\n<\/table>\n<\/div>\n<p>&nbsp;<\/p>\n","protected":false},"excerpt":{"rendered":"<p>Ruhe bewahren, nicht in Panik geraten! Verlassen Sie mit allen anderen Haushaltsmitgliedern umgehend die Wohnung. Halten Sie sich nicht auf, um irgendetwas mitzunehmen! Bewegen Sie sich bei dichtem Rauch m\u00f6glichst in Bodenn\u00e4he! Halten Sie T\u00fcren und Fenster brennender R\u00e4ume geschlossen, [&hellip;]<\/p>\n","protected":false},"author":2,"featured_media":0,"parent":1351,"menu_order":90,"comment_status":"closed","ping_status":"open","template":"onecolumn-page.php","meta":{"footnotes":""},"_links":{"self":[{"href":"https:\/\/feuerwehr-hambach.de\/index.php?rest_route=\/wp\/v2\/pages\/92"}],"collection":[{"href":"https:\/\/feuerwehr-hambach.de\/index.php?rest_route=\/wp\/v2\/pages"}],"about":[{"href":"https:\/\/feuerwehr-hambach.de\/index.php?rest_route=\/wp\/v2\/types\/page"}],"author":[{"embeddable":true,"href":"https:\/\/feuerwehr-hambach.de\/index.php?rest_route=\/wp\/v2\/users\/2"}],"replies":[{"embeddable":true,"href":"https:\/\/feuerwehr-hambach.de\/index.php?rest_route=%2Fwp%2Fv2%2Fcomments&post=92"}],"version-history":[{"count":4,"href":"https:\/\/feuerwehr-hambach.de\/index.php?rest_route=\/wp\/v2\/pages\/92\/revisions"}],"predecessor-version":[{"id":1376,"href":"https:\/\/feuerwehr-hambach.de\/index.php?rest_route=\/wp\/v2\/pages\/92\/revisions\/1376"}],"up":[{"embeddable":true,"href":"https:\/\/feuerwehr-hambach.de\/index.php?rest_route=\/wp\/v2\/pages\/1351"}],"wp:attachment":[{"href":"https:\/\/feuerwehr-hambach.de\/index.php?rest_route=%2Fwp%2Fv2%2Fmedia&parent=92"}],"curies":[{"name":"wp","href":"https:\/\/api.w.org\/{rel}","templated":true}]}}