{"id":78,"date":"2011-03-02T22:39:26","date_gmt":"2011-03-02T22:39:26","guid":{"rendered":"http:\/\/feuerwehr-hambach.de\/wordpress\/?page_id=78"},"modified":"2011-03-04T14:26:21","modified_gmt":"2011-03-04T14:26:21","slug":"chronik","status":"publish","type":"page","link":"https:\/\/feuerwehr-hambach.de\/?page_id=78","title":{"rendered":"Chronik"},"content":{"rendered":"<p style=\"text-align: center;\"><img loading=\"lazy\" decoding=\"async\" class=\"size-full wp-image-79 aligncenter\" title=\"Rad der Zeit 1873 bis 1999\" src=\"https:\/\/feuerwehr-hambach.de\/wp-content\/uploads\/2011\/03\/Rad_der_Zeit.gif\" alt=\"Rad der Zeit 1873 bis 1999\" width=\"593\" height=\"359\" srcset=\"https:\/\/feuerwehr-hambach.de\/wp-content\/uploads\/2011\/03\/Rad_der_Zeit.gif 593w, https:\/\/feuerwehr-hambach.de\/wp-content\/uploads\/2011\/03\/Rad_der_Zeit-300x181.gif 300w\" sizes=\"(max-width: 593px) 100vw, 593px\" \/><\/p>\n<p style=\"text-align: left; padding-left: 30px;\"><strong><span style=\"font-family: Arial;\">Seit 1873 dreht sich bei der             Freiwilligen Feuerwehr Hambach<br \/>\nschon das Rad der Geschichte.<\/span><\/strong><\/p>\n<p style=\"padding-left: 30px;\"><strong><span style=\"font-family: Arial;\">Dieses Rad wird von Jahr zu             Jahr immer gr\u00f6\u00dfer,<br \/>\nmal bewegt es sich langsamer,<br \/>\nmal schneller.<br \/>\nUnd wir sind \u00fcberzeugt,<br \/>\nda\u00df es noch sehr lange in Schwung             bleibt;<br \/>\ndenn es wird angetrieben von einer m\u00e4chtigen Kraft,<br \/>\ndie von den Menschen dieser Region ausgeht,<br \/>\nvon deren Arbeit,             Kreativit\u00e4t und Zuversicht.<\/span><\/strong><\/p>\n<p>Die Chronik besteht aus mehreren Teilen:<\/p>\n<p><strong><a title=\"Chronik Teil 1\" href=\"http:\/\/www.libby.de\/feuerwehr\/chronik\/feuerwehrchronik_bis_1983.htm\" target=\"_blank\">Der erste Teil<\/a><\/strong> wurde von Karl-Heinz Hennig verfasst und wurde 1983 in der Festschrift zum 110j\u00e4hrigen Gr\u00fcndungsfests mit 16. Kreisfeuerwehrtag ver\u00f6ffentlicht.<\/p>\n<p><strong><a title=\"Chronik Teil 2\" href=\"http:\/\/www.libby.de\/feuerwehr\/chronik\/fortsetzung_bis_1999.htm\" target=\"_blank\">Die Fortsetzung<\/a><\/strong> bis in das Jahr 1999 und <a title=\"Chronik Feuerwehrhaus\" href=\"http:\/\/www.libby.de\/feuerwehr\/chronik\/feuerwehrhaus.htm\" target=\"_blank\"><strong>Das neue Feuerwehrhaus<\/strong><\/a> wurden von Dieter Flederer f\u00fcr die Festschrift zum 125j\u00e4hrigen Gr\u00fcndungsfest mit 32. Kreisfeuerwehrtag erstellt.<\/p>\n","protected":false},"excerpt":{"rendered":"<p>Seit 1873 dreht sich bei der Freiwilligen Feuerwehr Hambach schon das Rad der Geschichte. Dieses Rad wird von Jahr zu Jahr immer gr\u00f6\u00dfer, mal bewegt es sich langsamer, mal schneller. Und wir sind \u00fcberzeugt, da\u00df es noch sehr lange in [&hellip;]<\/p>\n","protected":false},"author":2,"featured_media":0,"parent":0,"menu_order":70,"comment_status":"closed","ping_status":"open","template":"onecolumn-page.php","meta":{"footnotes":""},"_links":{"self":[{"href":"https:\/\/feuerwehr-hambach.de\/index.php?rest_route=\/wp\/v2\/pages\/78"}],"collection":[{"href":"https:\/\/feuerwehr-hambach.de\/index.php?rest_route=\/wp\/v2\/pages"}],"about":[{"href":"https:\/\/feuerwehr-hambach.de\/index.php?rest_route=\/wp\/v2\/types\/page"}],"author":[{"embeddable":true,"href":"https:\/\/feuerwehr-hambach.de\/index.php?rest_route=\/wp\/v2\/users\/2"}],"replies":[{"embeddable":true,"href":"https:\/\/feuerwehr-hambach.de\/index.php?rest_route=%2Fwp%2Fv2%2Fcomments&post=78"}],"version-history":[{"count":11,"href":"https:\/\/feuerwehr-hambach.de\/index.php?rest_route=\/wp\/v2\/pages\/78\/revisions"}],"predecessor-version":[{"id":142,"href":"https:\/\/feuerwehr-hambach.de\/index.php?rest_route=\/wp\/v2\/pages\/78\/revisions\/142"}],"wp:attachment":[{"href":"https:\/\/feuerwehr-hambach.de\/index.php?rest_route=%2Fwp%2Fv2%2Fmedia&parent=78"}],"curies":[{"name":"wp","href":"https:\/\/api.w.org\/{rel}","templated":true}]}}