{"id":741,"date":"2012-10-03T22:23:42","date_gmt":"2012-10-03T22:23:42","guid":{"rendered":"http:\/\/feuerwehr-hambach.de\/?page_id=741"},"modified":"2016-09-22T16:48:52","modified_gmt":"2016-09-22T16:48:52","slug":"einsatze","status":"publish","type":"page","link":"https:\/\/feuerwehr-hambach.de\/?page_id=741","title":{"rendered":"Eins\u00e4tze"},"content":{"rendered":"<h3>20.08.2012: Brand eines Stallgeb\u00e4udes in der Hauptstra\u00dfe<\/h3>\n<p>Dittelbrunn &#8211; In der Nacht zum Montag ist eine ehemalige Scheune in der Ortsmitte abgebrannt. Personen wurden bei dem Feuer nicht verletzt. Der Schaden d\u00fcrfte sich nach ersten Sch\u00e4tzungen auf mehrere tausend Euro belaufen. Nach den ersten Ermittlungen der Kripo Schweinfurt steht nun fest, dass offenbar nicht vollst\u00e4ndig erkaltete Grillasche den Brand ausgel\u00f6st hat.<\/p>\n<p>Kurz nach 03.00 Uhr meldeten Anwohner den Brand des circa zehn auf acht Meter gro\u00dfen Geb\u00e4udes in der Hauptstra\u00dfe. Bei Eintreffen der Einsatzkr\u00e4fte stand die ehemalige Scheune, in der zur Brandzeit jedoch nichts lagerte, in Flammen. Die Feuerwehren aus Dittelbrunn, Hambach und Schweinfurt hatten das Feuer schnell unter Kontrolle.<\/p>\n<p>Noch in der Nacht begaben sich Beamte der Kriminalpolizei Schweinfurt vor Ort. Nach deren bisherigen Ermittlungen ist davon auszugehen, dass offenbar nicht vollst\u00e4ndig erkaltete Grillasche das Feuer entfacht hat. Am Tag zuvor war die kalt geglaubte Asche in einer Kunststoffm\u00fclltonne in dem Geb\u00e4ude entsorgt worden. Die genaue H\u00f6he des Sachschadens l\u00e4sst sich momentan ebenfalls noch nicht beziffern, d\u00fcrfte aber im Bereich von mehreren Tausend Euro liegen.<\/p>\n<div id='gallery-1' class='gallery galleryid-741 gallery-columns-3 gallery-size-thumbnail'><figure class='gallery-item'>\n\t\t\t<div class='gallery-icon landscape'>\n\t\t\t\t<a href='https:\/\/feuerwehr-hambach.de\/wp-content\/uploads\/2012\/10\/01.jpg'><img loading=\"lazy\" decoding=\"async\" width=\"150\" height=\"150\" src=\"https:\/\/feuerwehr-hambach.de\/wp-content\/uploads\/2012\/10\/01-150x150.jpg\" class=\"attachment-thumbnail size-thumbnail\" alt=\"\" \/><\/a>\n\t\t\t<\/div><\/figure><figure class='gallery-item'>\n\t\t\t<div class='gallery-icon landscape'>\n\t\t\t\t<a href='https:\/\/feuerwehr-hambach.de\/wp-content\/uploads\/2012\/10\/02.jpg'><img loading=\"lazy\" decoding=\"async\" width=\"150\" height=\"150\" src=\"https:\/\/feuerwehr-hambach.de\/wp-content\/uploads\/2012\/10\/02-150x150.jpg\" class=\"attachment-thumbnail size-thumbnail\" alt=\"\" \/><\/a>\n\t\t\t<\/div><\/figure><figure class='gallery-item'>\n\t\t\t<div class='gallery-icon landscape'>\n\t\t\t\t<a href='https:\/\/feuerwehr-hambach.de\/wp-content\/uploads\/2012\/10\/03.jpg'><img loading=\"lazy\" decoding=\"async\" width=\"150\" height=\"150\" src=\"https:\/\/feuerwehr-hambach.de\/wp-content\/uploads\/2012\/10\/03-150x150.jpg\" class=\"attachment-thumbnail size-thumbnail\" alt=\"\" \/><\/a>\n\t\t\t<\/div><\/figure><figure class='gallery-item'>\n\t\t\t<div class='gallery-icon landscape'>\n\t\t\t\t<a href='https:\/\/feuerwehr-hambach.de\/wp-content\/uploads\/2012\/10\/04.jpg'><img loading=\"lazy\" decoding=\"async\" width=\"150\" height=\"150\" src=\"https:\/\/feuerwehr-hambach.de\/wp-content\/uploads\/2012\/10\/04-150x150.jpg\" class=\"attachment-thumbnail size-thumbnail\" alt=\"\" \/><\/a>\n\t\t\t<\/div><\/figure><figure class='gallery-item'>\n\t\t\t<div class='gallery-icon landscape'>\n\t\t\t\t<a href='https:\/\/feuerwehr-hambach.de\/wp-content\/uploads\/2012\/10\/05.jpg'><img loading=\"lazy\" decoding=\"async\" width=\"150\" height=\"150\" src=\"https:\/\/feuerwehr-hambach.de\/wp-content\/uploads\/2012\/10\/05-150x150.jpg\" class=\"attachment-thumbnail size-thumbnail\" alt=\"\" \/><\/a>\n\t\t\t<\/div><\/figure><figure class='gallery-item'>\n\t\t\t<div class='gallery-icon landscape'>\n\t\t\t\t<a href='https:\/\/feuerwehr-hambach.de\/wp-content\/uploads\/2012\/10\/06.jpg'><img loading=\"lazy\" decoding=\"async\" width=\"150\" height=\"150\" src=\"https:\/\/feuerwehr-hambach.de\/wp-content\/uploads\/2012\/10\/06-150x150.jpg\" class=\"attachment-thumbnail size-thumbnail\" alt=\"\" \/><\/a>\n\t\t\t<\/div><\/figure><figure class='gallery-item'>\n\t\t\t<div class='gallery-icon landscape'>\n\t\t\t\t<a href='https:\/\/feuerwehr-hambach.de\/wp-content\/uploads\/2012\/10\/07.jpg'><img loading=\"lazy\" decoding=\"async\" width=\"150\" height=\"150\" src=\"https:\/\/feuerwehr-hambach.de\/wp-content\/uploads\/2012\/10\/07-150x150.jpg\" class=\"attachment-thumbnail size-thumbnail\" alt=\"\" \/><\/a>\n\t\t\t<\/div><\/figure><figure class='gallery-item'>\n\t\t\t<div class='gallery-icon landscape'>\n\t\t\t\t<a href='https:\/\/feuerwehr-hambach.de\/wp-content\/uploads\/2012\/10\/08.jpg'><img loading=\"lazy\" decoding=\"async\" width=\"150\" height=\"150\" src=\"https:\/\/feuerwehr-hambach.de\/wp-content\/uploads\/2012\/10\/08-150x150.jpg\" class=\"attachment-thumbnail size-thumbnail\" alt=\"\" \/><\/a>\n\t\t\t<\/div><\/figure><figure class='gallery-item'>\n\t\t\t<div class='gallery-icon landscape'>\n\t\t\t\t<a href='https:\/\/feuerwehr-hambach.de\/wp-content\/uploads\/2012\/10\/09.jpg'><img loading=\"lazy\" decoding=\"async\" width=\"150\" height=\"150\" src=\"https:\/\/feuerwehr-hambach.de\/wp-content\/uploads\/2012\/10\/09-150x150.jpg\" class=\"attachment-thumbnail size-thumbnail\" alt=\"\" \/><\/a>\n\t\t\t<\/div><\/figure><figure class='gallery-item'>\n\t\t\t<div class='gallery-icon landscape'>\n\t\t\t\t<a href='https:\/\/feuerwehr-hambach.de\/wp-content\/uploads\/2012\/10\/10.jpg'><img loading=\"lazy\" decoding=\"async\" width=\"150\" height=\"150\" src=\"https:\/\/feuerwehr-hambach.de\/wp-content\/uploads\/2012\/10\/10-150x150.jpg\" class=\"attachment-thumbnail size-thumbnail\" alt=\"\" \/><\/a>\n\t\t\t<\/div><\/figure>\n\t\t<\/div>\n\n<p>&nbsp;<\/p>\n","protected":false},"excerpt":{"rendered":"<p>20.08.2012: Brand eines Stallgeb\u00e4udes in der Hauptstra\u00dfe Dittelbrunn &#8211; In der Nacht zum Montag ist eine ehemalige Scheune in der Ortsmitte abgebrannt. Personen wurden bei dem Feuer nicht verletzt. Der Schaden d\u00fcrfte sich nach ersten Sch\u00e4tzungen auf mehrere tausend Euro [&hellip;]<\/p>\n","protected":false},"author":5,"featured_media":0,"parent":0,"menu_order":2,"comment_status":"closed","ping_status":"closed","template":"","meta":{"footnotes":""},"_links":{"self":[{"href":"https:\/\/feuerwehr-hambach.de\/index.php?rest_route=\/wp\/v2\/pages\/741"}],"collection":[{"href":"https:\/\/feuerwehr-hambach.de\/index.php?rest_route=\/wp\/v2\/pages"}],"about":[{"href":"https:\/\/feuerwehr-hambach.de\/index.php?rest_route=\/wp\/v2\/types\/page"}],"author":[{"embeddable":true,"href":"https:\/\/feuerwehr-hambach.de\/index.php?rest_route=\/wp\/v2\/users\/5"}],"replies":[{"embeddable":true,"href":"https:\/\/feuerwehr-hambach.de\/index.php?rest_route=%2Fwp%2Fv2%2Fcomments&post=741"}],"version-history":[{"count":6,"href":"https:\/\/feuerwehr-hambach.de\/index.php?rest_route=\/wp\/v2\/pages\/741\/revisions"}],"predecessor-version":[{"id":1177,"href":"https:\/\/feuerwehr-hambach.de\/index.php?rest_route=\/wp\/v2\/pages\/741\/revisions\/1177"}],"wp:attachment":[{"href":"https:\/\/feuerwehr-hambach.de\/index.php?rest_route=%2Fwp%2Fv2%2Fmedia&parent=741"}],"curies":[{"name":"wp","href":"https:\/\/api.w.org\/{rel}","templated":true}]}}