{"id":70,"date":"2011-03-02T22:31:05","date_gmt":"2011-03-02T22:31:05","guid":{"rendered":"http:\/\/feuerwehr-hambach.de\/wordpress\/?page_id=70"},"modified":"2016-09-22T16:50:04","modified_gmt":"2016-09-22T16:50:04","slug":"anhanger","status":"publish","type":"page","link":"https:\/\/feuerwehr-hambach.de\/?page_id=70","title":{"rendered":"Mehrzweckanh\u00e4nger"},"content":{"rendered":"<p><span style=\"font-family: Arial;\"><strong>Anh\u00e4nger 750 kg f\u00fcr Kugelkopf-Kupplung<br \/>\nBaujahr 1984<br \/>\nAnschaffung 1997<\/strong><\/span><\/p>\n<p>&nbsp;<\/p>\n<p><a href=\"https:\/\/feuerwehr-hambach.de\/?page_id=1301\">zur\u00fcck<\/a><\/p>\n","protected":false},"excerpt":{"rendered":"<p>Anh\u00e4nger 750 kg f\u00fcr Kugelkopf-Kupplung Baujahr 1984 Anschaffung 1997 &nbsp; zur\u00fcck<\/p>\n","protected":false},"author":2,"featured_media":0,"parent":1301,"menu_order":9,"comment_status":"closed","ping_status":"closed","template":"onecolumn-page.php","meta":{"footnotes":""},"_links":{"self":[{"href":"https:\/\/feuerwehr-hambach.de\/index.php?rest_route=\/wp\/v2\/pages\/70"}],"collection":[{"href":"https:\/\/feuerwehr-hambach.de\/index.php?rest_route=\/wp\/v2\/pages"}],"about":[{"href":"https:\/\/feuerwehr-hambach.de\/index.php?rest_route=\/wp\/v2\/types\/page"}],"author":[{"embeddable":true,"href":"https:\/\/feuerwehr-hambach.de\/index.php?rest_route=\/wp\/v2\/users\/2"}],"replies":[{"embeddable":true,"href":"https:\/\/feuerwehr-hambach.de\/index.php?rest_route=%2Fwp%2Fv2%2Fcomments&post=70"}],"version-history":[{"count":4,"href":"https:\/\/feuerwehr-hambach.de\/index.php?rest_route=\/wp\/v2\/pages\/70\/revisions"}],"predecessor-version":[{"id":1328,"href":"https:\/\/feuerwehr-hambach.de\/index.php?rest_route=\/wp\/v2\/pages\/70\/revisions\/1328"}],"up":[{"embeddable":true,"href":"https:\/\/feuerwehr-hambach.de\/index.php?rest_route=\/wp\/v2\/pages\/1301"}],"wp:attachment":[{"href":"https:\/\/feuerwehr-hambach.de\/index.php?rest_route=%2Fwp%2Fv2%2Fmedia&parent=70"}],"curies":[{"name":"wp","href":"https:\/\/api.w.org\/{rel}","templated":true}]}}