{"id":68,"date":"2011-03-02T22:30:11","date_gmt":"2011-03-02T22:30:11","guid":{"rendered":"http:\/\/feuerwehr-hambach.de\/wordpress\/?page_id=68"},"modified":"2024-06-13T17:02:00","modified_gmt":"2024-06-13T17:02:00","slug":"anhangeleiter-al-12","status":"publish","type":"page","link":"https:\/\/feuerwehr-hambach.de\/?page_id=68","title":{"rendered":"Anh\u00e4ngeleiter AL 12"},"content":{"rendered":"<table border=\"0\" cellspacing=\"0\" cellpadding=\"0\">\n<tbody>\n<tr>\n<td width=\"50%\"><a href=\"https:\/\/feuerwehr-hambach.de\/wp-content\/uploads\/2011\/03\/AL.jpg\"><img loading=\"lazy\" decoding=\"async\" class=\"alignnone size-full wp-image-734\" title=\"AL\" src=\"https:\/\/feuerwehr-hambach.de\/wp-content\/uploads\/2011\/03\/AL.jpg\" alt=\"\" width=\"533\" height=\"400\" srcset=\"https:\/\/feuerwehr-hambach.de\/wp-content\/uploads\/2011\/03\/AL.jpg 533w, https:\/\/feuerwehr-hambach.de\/wp-content\/uploads\/2011\/03\/AL-300x225.jpg 300w\" sizes=\"(max-width: 533px) 100vw, 533px\" \/><\/a><\/p>\n<p><span style=\"font-family: Arial;\"><strong>Anh\u00e4ngeleiter AL12<br \/>\nBaujahr und Anschaffung 1966<br \/>\n12 m H\u00f6he bei 4 m Ausladung<br \/>\nTragkraft je nach Ausladung bis 250 kg<br \/>\nMaul-Kupplung<\/strong><\/span><\/p>\n<p>&nbsp;<\/p>\n<p><a href=\"https:\/\/feuerwehr-hambach.de\/?page_id=1301\">zur\u00fcck<\/a><\/td>\n<\/tr>\n<\/tbody>\n<\/table>\n","protected":false},"excerpt":{"rendered":"<p>Anh\u00e4ngeleiter AL12 Baujahr und Anschaffung 1966 12 m H\u00f6he bei 4 m Ausladung Tragkraft je nach Ausladung bis 250 kg Maul-Kupplung &nbsp; zur\u00fcck<\/p>\n","protected":false},"author":2,"featured_media":0,"parent":1333,"menu_order":11,"comment_status":"closed","ping_status":"closed","template":"onecolumn-page.php","meta":{"footnotes":""},"_links":{"self":[{"href":"https:\/\/feuerwehr-hambach.de\/index.php?rest_route=\/wp\/v2\/pages\/68"}],"collection":[{"href":"https:\/\/feuerwehr-hambach.de\/index.php?rest_route=\/wp\/v2\/pages"}],"about":[{"href":"https:\/\/feuerwehr-hambach.de\/index.php?rest_route=\/wp\/v2\/types\/page"}],"author":[{"embeddable":true,"href":"https:\/\/feuerwehr-hambach.de\/index.php?rest_route=\/wp\/v2\/users\/2"}],"replies":[{"embeddable":true,"href":"https:\/\/feuerwehr-hambach.de\/index.php?rest_route=%2Fwp%2Fv2%2Fcomments&post=68"}],"version-history":[{"count":5,"href":"https:\/\/feuerwehr-hambach.de\/index.php?rest_route=\/wp\/v2\/pages\/68\/revisions"}],"predecessor-version":[{"id":1327,"href":"https:\/\/feuerwehr-hambach.de\/index.php?rest_route=\/wp\/v2\/pages\/68\/revisions\/1327"}],"up":[{"embeddable":true,"href":"https:\/\/feuerwehr-hambach.de\/index.php?rest_route=\/wp\/v2\/pages\/1333"}],"wp:attachment":[{"href":"https:\/\/feuerwehr-hambach.de\/index.php?rest_route=%2Fwp%2Fv2%2Fmedia&parent=68"}],"curies":[{"name":"wp","href":"https:\/\/api.w.org\/{rel}","templated":true}]}}