{"id":66,"date":"2011-03-02T22:29:33","date_gmt":"2011-03-02T22:29:33","guid":{"rendered":"http:\/\/feuerwehr-hambach.de\/wordpress\/?page_id=66"},"modified":"2016-11-14T17:26:06","modified_gmt":"2016-11-14T17:26:06","slug":"tragkraftspritzenanhanger-tsa","status":"publish","type":"page","link":"https:\/\/feuerwehr-hambach.de\/?page_id=66","title":{"rendered":"TSA"},"content":{"rendered":"<p><a href=\"https:\/\/feuerwehr-hambach.de\/wp-content\/uploads\/2011\/03\/TSA2.jpg\"><img loading=\"lazy\" decoding=\"async\" class=\"alignnone size-full wp-image-732\" title=\"TSA\" src=\"https:\/\/feuerwehr-hambach.de\/wp-content\/uploads\/2011\/03\/TSA2.jpg\" alt=\"\" width=\"533\" height=\"400\" srcset=\"https:\/\/feuerwehr-hambach.de\/wp-content\/uploads\/2011\/03\/TSA2.jpg 533w, https:\/\/feuerwehr-hambach.de\/wp-content\/uploads\/2011\/03\/TSA2-300x225.jpg 300w\" sizes=\"(max-width: 533px) 100vw, 533px\" \/><\/a><\/p>\n<p><span style=\"font-family: Arial;\"><strong>Tragkraftspritzenanh\u00e4nger TSA<\/strong><\/span><br \/>\n<span style=\"font-family: Arial;\"><strong> Baujahr und Anschaffung 1964<br \/>\nGewicht 1,2 t<br \/>\nMaul-Kupplung<br \/>\nTragkraftspritze TS 8\/8 (800 l bei 8 bar)<br \/>\nBaujahr und Anschaffung 2000<br \/>\n5 A-Saugschl\u00e4uche<br \/>\n6 B-Schl\u00e4uche<br \/>\n10 C-Schl\u00e4uche auf 2 Haspeln<br \/>\n4 C-Schl\u00e4uche<br \/>\nSaugkorb<br \/>\n3 Kupplungsschl\u00fcssel<br \/>\n2 Handscheinwerfer<br \/>\n2 Bodenhindernisleuchten<br \/>\n2 Warnwesten<br \/>\nVerbandskasten<\/strong><\/span><\/p>\n<p>&nbsp;<\/p>\n<p><a href=\"https:\/\/feuerwehr-hambach.de\/?page_id=1301\">zur\u00fcck<\/a><\/p>\n","protected":false},"excerpt":{"rendered":"<p>Tragkraftspritzenanh\u00e4nger TSA Baujahr und Anschaffung 1964 Gewicht 1,2 t Maul-Kupplung Tragkraftspritze TS 8\/8 (800 l bei 8 bar) Baujahr und Anschaffung 2000 5 A-Saugschl\u00e4uche 6 B-Schl\u00e4uche 10 C-Schl\u00e4uche auf 2 Haspeln 4 C-Schl\u00e4uche Saugkorb 3 Kupplungsschl\u00fcssel 2 Handscheinwerfer 2 Bodenhindernisleuchten [&hellip;]<\/p>\n","protected":false},"author":2,"featured_media":0,"parent":1301,"menu_order":7,"comment_status":"closed","ping_status":"closed","template":"","meta":{"footnotes":""},"_links":{"self":[{"href":"https:\/\/feuerwehr-hambach.de\/index.php?rest_route=\/wp\/v2\/pages\/66"}],"collection":[{"href":"https:\/\/feuerwehr-hambach.de\/index.php?rest_route=\/wp\/v2\/pages"}],"about":[{"href":"https:\/\/feuerwehr-hambach.de\/index.php?rest_route=\/wp\/v2\/types\/page"}],"author":[{"embeddable":true,"href":"https:\/\/feuerwehr-hambach.de\/index.php?rest_route=\/wp\/v2\/users\/2"}],"replies":[{"embeddable":true,"href":"https:\/\/feuerwehr-hambach.de\/index.php?rest_route=%2Fwp%2Fv2%2Fcomments&post=66"}],"version-history":[{"count":7,"href":"https:\/\/feuerwehr-hambach.de\/index.php?rest_route=\/wp\/v2\/pages\/66\/revisions"}],"predecessor-version":[{"id":1503,"href":"https:\/\/feuerwehr-hambach.de\/index.php?rest_route=\/wp\/v2\/pages\/66\/revisions\/1503"}],"up":[{"embeddable":true,"href":"https:\/\/feuerwehr-hambach.de\/index.php?rest_route=\/wp\/v2\/pages\/1301"}],"wp:attachment":[{"href":"https:\/\/feuerwehr-hambach.de\/index.php?rest_route=%2Fwp%2Fv2%2Fmedia&parent=66"}],"curies":[{"name":"wp","href":"https:\/\/api.w.org\/{rel}","templated":true}]}}