{"id":38,"date":"2011-03-02T21:56:01","date_gmt":"2011-03-02T21:56:01","guid":{"rendered":"http:\/\/feuerwehr-hambach.de\/wordpress\/?page_id=38"},"modified":"2017-01-18T18:22:41","modified_gmt":"2017-01-18T18:22:41","slug":"helft-uns-helfen","status":"publish","type":"page","link":"https:\/\/feuerwehr-hambach.de\/?page_id=38","title":{"rendered":"Helft uns helfen!"},"content":{"rendered":"<h4><strong><span style=\"font-family: Arial;\">Stellen sie sich vor es brennt und keiner geht hin.<\/span><\/strong><\/h4>\n<h4><strong><span style=\"font-family: Arial;\">Der Feuerwehrverein<\/span><span style=\"font-family: Arial;\">ist der gemeinn\u00fctzigste Verein den man sich nur vorstellen kann. <\/span><\/strong><\/h4>\n<p><strong><span style=\"font-family: Arial;\">Alle Einnahmen werden zweckgebunden nur zur Unterst\u00fctzung der gemeindlichen Feuerwehr verwendet. So konnten wir in den vergangenen Jahren viele neue Ger\u00e4te beschaffen oder die Umbauten an den Fahrzeugen selbst finanzieren.<\/span><\/strong><\/p>\n<p><strong><span style=\"font-family: Arial;\">1982: Umbau eines gebrauchten Mercedes Bus zum Schlauchwagen<\/span><\/strong><\/p>\n<p><strong><span style=\"font-family: Arial;\">1996: Ausr\u00fcsten des Mercedes Unimog als R\u00fcstwagen<\/span><\/strong><\/p>\n<p><strong><span style=\"font-family: Arial;\">2002: Kauf eines Iveco Bus als Mannschaftstransportfahrzeug 5000 \u20ac<\/span><\/strong><\/p>\n<p><strong><span style=\"font-family: Arial;\">2010: Kauf eines Verkehrssicherungsh\u00e4ngers<br \/>\n<\/span><\/strong><\/p>\n<p><strong><span style=\"font-family: Arial;\">2015: 7000 \u20ac f\u00fcr Ger\u00e4te zum HLF20<br \/>\n<\/span><\/strong><\/p>\n<p><strong><span style=\"font-family: Arial;\">2016: 6000 \u20ac zum Innenausbau und Ger\u00e4tebeschaffung KLAF<br \/>\n<\/span><\/strong><\/p>\n<p><strong><span style=\"font-family: Arial;\">Wir finanzieren uns nur durch Mitgliedsbeitr\u00e4ge, Spenden und den Erl\u00f6sen der j\u00e4hrlichen Sommerfeste. Allein 2\/3 aller Einnahmen sind Mitgliedsbeitr\u00e4ge und Spenden. Deshalb ist es f\u00fcr uns besonders wichtig neue Mitglieder und Spender zu werben. Nur so k\u00f6nnen wir in Zukunft weiterhin der Allgemeinheit helfen.<\/span><\/strong><\/p>\n<hr \/>\n<h2><strong><span style=\"font-family: Arial;\">Wie steht es mit Dir?<\/span><\/strong><\/h2>\n<h2><strong><span style=\"font-family: Arial;\">Werde f\u00f6rderndes Mitglied beim Verein der Freiwilligen Feuerwehr Hambach!<\/span><\/strong><\/h2>\n<p><strong><span style=\"font-family: Arial;\">Als f\u00f6rderndes Mitglied k\u00f6nnen Sie einen freiwilligen j\u00e4hrlichen Beitrag festlegen.<\/span><\/strong><\/p>\n<p><strong><span style=\"font-family: Arial;\">Hier gibt es einen <a href=\"https:\/\/feuerwehr-hambach.de\/wp-content\/uploads\/2011\/03\/aufnahmeantrag.pdf\" target=\"_blank\">Aufnahmeantrag als PDF-Datei.<\/a> Ausdrucken, Ausf\u00fcllen, Abgeben.<\/span><\/strong><\/p>\n<hr \/>\n<h2><strong><span style=\"font-family: Arial;\">Gerne nehmen wir auch Einzelspenden an. <\/span><\/strong><\/h2>\n<p><strong><span style=\"font-family: Arial;\">Da wir vom Finanzamt als gemeinn\u00fctziger Verein anerkannt sind, stellen wir Ihnen gerne eine Spendenbescheinigung aus. Nehmen Sie kurz Kontakt zu uns auf. Wir nennen Ihnen die Bankverbindung.<\/span><\/strong><\/p>\n<hr \/>\n<p><strong><span style=\"font-family: Arial;\">Haben Sie noch weitergehende Fragen? Rufen Sie einfach an.<\/span><\/strong><\/p>\n<p><strong><span style=\"font-family: Arial;\">1. Vorstand: Stefan Lieblein, Stein\u00e4cker 6, 97456 Hambach, 09725-2299003 oder 0172-2143460<\/span><\/strong><\/p>\n<p><strong><span style=\"font-family: Arial;\">2. Vorstand: Paul Eck<br \/>\n<\/span><\/strong><\/p>\n","protected":false},"excerpt":{"rendered":"<p>Stellen sie sich vor es brennt und keiner geht hin. Der Feuerwehrvereinist der gemeinn\u00fctzigste Verein den man sich nur vorstellen kann. Alle Einnahmen werden zweckgebunden nur zur Unterst\u00fctzung der gemeindlichen Feuerwehr verwendet. So konnten wir in den vergangenen Jahren viele [&hellip;]<\/p>\n","protected":false},"author":2,"featured_media":0,"parent":33,"menu_order":21,"comment_status":"closed","ping_status":"open","template":"","meta":{"footnotes":""},"_links":{"self":[{"href":"https:\/\/feuerwehr-hambach.de\/index.php?rest_route=\/wp\/v2\/pages\/38"}],"collection":[{"href":"https:\/\/feuerwehr-hambach.de\/index.php?rest_route=\/wp\/v2\/pages"}],"about":[{"href":"https:\/\/feuerwehr-hambach.de\/index.php?rest_route=\/wp\/v2\/types\/page"}],"author":[{"embeddable":true,"href":"https:\/\/feuerwehr-hambach.de\/index.php?rest_route=\/wp\/v2\/users\/2"}],"replies":[{"embeddable":true,"href":"https:\/\/feuerwehr-hambach.de\/index.php?rest_route=%2Fwp%2Fv2%2Fcomments&post=38"}],"version-history":[{"count":9,"href":"https:\/\/feuerwehr-hambach.de\/index.php?rest_route=\/wp\/v2\/pages\/38\/revisions"}],"predecessor-version":[{"id":1517,"href":"https:\/\/feuerwehr-hambach.de\/index.php?rest_route=\/wp\/v2\/pages\/38\/revisions\/1517"}],"up":[{"embeddable":true,"href":"https:\/\/feuerwehr-hambach.de\/index.php?rest_route=\/wp\/v2\/pages\/33"}],"wp:attachment":[{"href":"https:\/\/feuerwehr-hambach.de\/index.php?rest_route=%2Fwp%2Fv2%2Fmedia&parent=38"}],"curies":[{"name":"wp","href":"https:\/\/api.w.org\/{rel}","templated":true}]}}