{"id":33,"date":"2011-03-02T21:52:25","date_gmt":"2011-03-02T21:52:25","guid":{"rendered":"http:\/\/feuerwehr-hambach.de\/wordpress\/?page_id=33"},"modified":"2017-01-18T18:25:18","modified_gmt":"2017-01-18T18:25:18","slug":"verein","status":"publish","type":"page","link":"https:\/\/feuerwehr-hambach.de\/?page_id=33","title":{"rendered":"Verein"},"content":{"rendered":"<h4><strong><span style=\"font-family: Arial;\">Der Feuerwehrverein der Freiwilligen Feuerwehr Hambach hat 138 Mitglieder (Stand: Dezember 2016) und ist ein als gemeinn\u00fctzig anerkannter Verein.<\/span><\/strong><\/h4>\n<p><strong><span style=\"font-family: Arial;\">Die Hauptaufgabe des Feuerwehrvereins liegt in der Unterst\u00fctzung der Freiwilligen Feuerwehr Hambach, insbesondere durch die Werbung und das Stellen von Einsatzkr\u00e4ften, sowie der finanziellen Unterst\u00fctzung bei Materialneuanschaffung.<\/span><\/strong><\/p>\n<blockquote>\n<h3><strong><span style=\"font-family: Arial;\"><a title=\"Helt uns helfen!\" href=\"https:\/\/feuerwehr-hambach.de\/?page_id=38\">Helft uns!<\/a><\/span><\/strong><\/h3>\n<\/blockquote>\n<p><strong><span style=\"font-family: Arial;\">Der Feuerwehrverein ist seit 17.09.1995 Gr\u00fcndungsmitglied des wiedergegr\u00fcndeten <a href=\"http:\/\/www.kfv-sw.de\/\" target=\"_blank\">Kreisfeuerwehrverband Schweinfurt<\/a>.<\/span><\/strong><\/p>\n<p><strong><span style=\"font-family: Arial;\">Die Vorstandschaft besteht aus <\/span><\/strong><\/p>\n<table border=\"0\" cellspacing=\"10\">\n<tbody>\n<tr>\n<td width=\"50\"><\/td>\n<td align=\"left\" valign=\"top\" width=\"150\"><strong><span style=\"font-family: Arial;\">1. Vorstand <\/span><\/strong><\/td>\n<td><strong><span style=\"font-family: Arial;\"> <a href=\"http:\/\/www.libby.de\/\" target=\"_blank\"> Stefan Lieblein<br \/>\n<\/a>Stein\u00e4cker 6<br \/>\n97456 Hambach<br \/>\n09725-2299003<br \/>\n0172-2143460 <\/span><\/strong><\/td>\n<\/tr>\n<tr>\n<td width=\"50\"><\/td>\n<td align=\"left\" valign=\"top\" width=\"150\"><strong><span style=\"font-family: Arial;\">2. Vorstand <\/span><\/strong><\/td>\n<td><strong><span style=\"font-family: Arial;\">Paul Eck<br \/>\n<\/span><\/strong><\/td>\n<\/tr>\n<tr>\n<td width=\"50\"><\/td>\n<td align=\"left\" valign=\"top\" width=\"150\"><strong><span style=\"font-family: Arial;\">Schriftf\u00fchrer<\/span><\/strong><\/td>\n<td><strong><span style=\"font-family: Arial;\">Fred Eckert<br \/>\n<\/span><\/strong><\/td>\n<\/tr>\n<tr>\n<td width=\"50\"><\/td>\n<td align=\"left\" valign=\"top\" width=\"150\"><strong><span style=\"font-family: Arial;\">1. Kassier<\/span><\/strong><\/td>\n<td><strong><span style=\"font-family: Arial;\">Andreas Sch\u00f6ller<\/span><\/strong><\/td>\n<\/tr>\n<tr>\n<td width=\"50\"><\/td>\n<td align=\"left\" valign=\"top\" width=\"150\"><strong><span style=\"font-family: Arial;\">2. Kassier<\/span><\/strong><\/td>\n<td><strong><span style=\"font-family: Arial;\">Friedrich Belz<\/span><\/strong><\/td>\n<\/tr>\n<\/tbody>\n<\/table>\n<p><strong><span style=\"font-family: Arial;\">Die Vereinsaktivit\u00e4ten:<\/span><\/strong><\/p>\n<blockquote><p><strong><span style=\"font-family: Arial;\">Jahreshauptversammlung, am 2. Samstag nach Dreik\u00f6nig<\/span><\/strong><\/p>\n<p><strong><span style=\"font-family: Arial;\">Traditionelles Sommerfest, am 2. Wochenende im Juli<\/span><\/strong><\/p>\n<p><strong><span style=\"font-family: Arial;\">Helfereinsatz Getr\u00e4nkeausschank bei Pfarrfest, Ringstra\u00dfenfest und Kirchweih<\/span><\/strong><\/p>\n<p><strong><span style=\"font-family: Arial;\">Ferienspa\u00df in den Sommerferien<\/span><\/strong><\/p>\n<p><strong><span style=\"font-family: Arial;\">Helfereinsatz beim Martinsumzug des Marienkindergarten Hambach<\/span><\/strong><\/p>\n<p><strong><span style=\"font-family: Arial;\">Nikolausfeier, am 6. Dezember oder am Wochenende danach<\/span><\/strong><\/p>\n<p><strong><span style=\"font-family: Arial;\">Grillfete f\u00fcr aktive und passive Mitglieder im August und Wintergrillen am Jahreswechsel<br \/>\n<\/span><\/strong><\/p><\/blockquote>\n","protected":false},"excerpt":{"rendered":"<p>Der Feuerwehrverein der Freiwilligen Feuerwehr Hambach hat 138 Mitglieder (Stand: Dezember 2016) und ist ein als gemeinn\u00fctzig anerkannter Verein. Die Hauptaufgabe des Feuerwehrvereins liegt in der Unterst\u00fctzung der Freiwilligen Feuerwehr Hambach, insbesondere durch die Werbung und das Stellen von Einsatzkr\u00e4ften, [&hellip;]<\/p>\n","protected":false},"author":2,"featured_media":0,"parent":0,"menu_order":20,"comment_status":"closed","ping_status":"open","template":"","meta":{"footnotes":""},"_links":{"self":[{"href":"https:\/\/feuerwehr-hambach.de\/index.php?rest_route=\/wp\/v2\/pages\/33"}],"collection":[{"href":"https:\/\/feuerwehr-hambach.de\/index.php?rest_route=\/wp\/v2\/pages"}],"about":[{"href":"https:\/\/feuerwehr-hambach.de\/index.php?rest_route=\/wp\/v2\/types\/page"}],"author":[{"embeddable":true,"href":"https:\/\/feuerwehr-hambach.de\/index.php?rest_route=\/wp\/v2\/users\/2"}],"replies":[{"embeddable":true,"href":"https:\/\/feuerwehr-hambach.de\/index.php?rest_route=%2Fwp%2Fv2%2Fcomments&post=33"}],"version-history":[{"count":12,"href":"https:\/\/feuerwehr-hambach.de\/index.php?rest_route=\/wp\/v2\/pages\/33\/revisions"}],"predecessor-version":[{"id":1518,"href":"https:\/\/feuerwehr-hambach.de\/index.php?rest_route=\/wp\/v2\/pages\/33\/revisions\/1518"}],"wp:attachment":[{"href":"https:\/\/feuerwehr-hambach.de\/index.php?rest_route=%2Fwp%2Fv2%2Fmedia&parent=33"}],"curies":[{"name":"wp","href":"https:\/\/api.w.org\/{rel}","templated":true}]}}