{"id":28,"date":"2011-03-02T21:48:21","date_gmt":"2011-03-02T21:48:21","guid":{"rendered":"http:\/\/feuerwehr-hambach.de\/wordpress\/?page_id=28"},"modified":"2024-06-13T17:02:16","modified_gmt":"2024-06-13T17:02:16","slug":"rustwagen-rw-1","status":"publish","type":"page","link":"https:\/\/feuerwehr-hambach.de\/?page_id=28","title":{"rendered":"RW 1"},"content":{"rendered":"<p><a href=\"https:\/\/feuerwehr-hambach.de\/wp-content\/uploads\/2011\/03\/RW1.jpg\"><img loading=\"lazy\" decoding=\"async\" class=\"wp-image-1342 aligncenter\" src=\"https:\/\/feuerwehr-hambach.de\/wp-content\/uploads\/2011\/03\/RW1-300x220.jpg\" alt=\"rw1\" width=\"507\" height=\"372\" srcset=\"https:\/\/feuerwehr-hambach.de\/wp-content\/uploads\/2011\/03\/RW1-300x220.jpg 300w, https:\/\/feuerwehr-hambach.de\/wp-content\/uploads\/2011\/03\/RW1-768x562.jpg 768w, https:\/\/feuerwehr-hambach.de\/wp-content\/uploads\/2011\/03\/RW1.jpg 960w\" sizes=\"(max-width: 507px) 100vw, 507px\" \/><\/a><\/p>\n<p><a href=\"https:\/\/feuerwehr-hambach.de\/wp-content\/uploads\/2011\/03\/RW3.jpg\"><img loading=\"lazy\" decoding=\"async\" class=\"wp-image-1341 aligncenter\" src=\"https:\/\/feuerwehr-hambach.de\/wp-content\/uploads\/2011\/03\/RW3-300x216.jpg\" alt=\"rw3\" width=\"502\" height=\"362\" srcset=\"https:\/\/feuerwehr-hambach.de\/wp-content\/uploads\/2011\/03\/RW3-300x216.jpg 300w, https:\/\/feuerwehr-hambach.de\/wp-content\/uploads\/2011\/03\/RW3-768x552.jpg 768w, https:\/\/feuerwehr-hambach.de\/wp-content\/uploads\/2011\/03\/RW3.jpg 960w\" sizes=\"(max-width: 502px) 100vw, 502px\" \/><\/a><\/p>\n<p><span style=\"font-family: Arial;\"><strong>R\u00fcstwagen RW 1<br \/>\nFunkrufname: Florian Hambach 62\/1<br \/>\nFahrgestell: Mercedes Benz Unimog 1300 L<br \/>\nAufbau: Ziegler<br \/>\nBaujahr: 1984<br \/>\nAnschaffung: 1996 vom Feuerwehrverein bezuschusst<br \/>\nGewicht: 7,49 t<br \/>\nBesatzung: Trupp 1+2<br \/>\n4 m Funkger\u00e4t<br \/>\n2 x 2 m Funkger\u00e4te<br \/>\nMaul-Anh\u00e4ngerkupplung<br \/>\nGefahrgutschl\u00fcsselbuch<br \/>\nHandsuchscheinwerfer<br \/>\nmehrere Untersuchungshandschuhe<br \/>\nRundumbeleuchtung mit 5 Scheinwerfern je 35 Watt<br \/>\ndrittes Blaulicht am Heck<br \/>\nRotzler Seilwinde (max. 80 kN ~ 8 t), 30 m Stahlseil<br \/>\nGreifzug 3 t mit Umlenkrolle 6 t, Erdanker<br \/>\nmehrere Anschlagseile und Sch\u00e4kel<br \/>\nErdankerziehger\u00e4t<br \/>\nTechnischer Hilfeleistungssatz<br \/>\n(elektr. Hydraulikaggregat, Schere, Spreizer, 2 Hydraulikzylinder, Zubeh\u00f6rsatz)<br \/>\nSchwelleraufsatz f\u00fcr Hydraulikzylinder<br \/>\nLukas Pedalschneidersatz<br \/>\nB\u00fcffelwinde 5 t<br \/>\neingebauter Stromerzeuger 12 kVA<br \/>\nabsetzbarer Stromerzeuger 8 kVA<br \/>\n2 Stromkabel je 50 m<br \/>\nDreifachverteiler<br \/>\n2 FI-Schutzschalter<br \/>\nAusfahrbarer Anbau-Lichtmast 4 m mit 2 x 1500 Watt Halogenscheinwerfer<br \/>\ntragbares Stativ mit 2 x 1000 Watt Halogenscheinwerfer<br \/>\nTrennschleifer, mehrere Ersatzscheiben Metall und Stein<br \/>\nElektrotauchpumpe mit C-Anschlu\u00df<br \/>\n2 C Schl\u00e4uche<br \/>\nMotors\u00e4ge, Kanister, Werkzeug, Schnittschutzbeinlinge<br \/>\n3 Hebekissen (8 Bar) mit Steuerger\u00e4t und Pre\u00dfluftflasche<br \/>\nVetter Kanaldichtkissen mit Handpumpe<br \/>\nSchwei\u00dfbrenner (Acetylen, Sauerstoff)<br \/>\nNagelkiste (diverse N\u00e4gel und Hammer)<br \/>\nkleiner Werkzeugkasten<br \/>\nkleiner Ratschenkasten<br \/>\nF\u00e4ustel<br \/>\nMei\u00dfel<br \/>\nVorschlaghammer<br \/>\nBolzenschneider<br \/>\nPickel<br \/>\nFeuerwehraxt<br \/>\nAxt gro\u00df<br \/>\nAxt klein<br \/>\nHands\u00e4ge<br \/>\n2 Brecheisen<br \/>\nSpaten<br \/>\nKlappspaten<br \/>\nDosen\u00f6ffner<br \/>\n2 Atemschutzger\u00e4te<br \/>\n2 Atemschutzmasken<br \/>\n2 Reserve-Pre\u00dfluftflaschen<br \/>\n2 Hitzeschutzm\u00e4ntel mit Stiefel<br \/>\n2 Paar S\u00e4ureschutzhandschuhe<br \/>\n2 Schutzbrillen<br \/>\n2 \u00d6lschutzanz\u00fcge<br \/>\n2 Wathosen<br \/>\n2 Auffangbeh\u00e4lter je 150 l<br \/>\n5 s\u00e4urebest\u00e4ndige Edelstahleimer<br \/>\n2 \u00d6lauffangwannen<br \/>\nVierteilige Steckleiter mit Zwischenst\u00fcck f\u00fcr Leiterbock<br \/>\nmehrere S\u00e4cke \u00d6lbindemittel<br \/>\netliche Meter \u00d6lauffangvlies<br \/>\n2 \u00d6lsch\u00f6pfschaufeln<br \/>\n2 Strassenbesen<br \/>\n2 Schaufeln<br \/>\nDunghaken<br \/>\nMistgabel<br \/>\n2 x 12 kg Pulverl\u00f6scher<br \/>\nL\u00f6schdecke<br \/>\n2 Krankentragen<br \/>\nTragetuch<br \/>\nGro\u00dfer Verbandskasten<br \/>\nAmbubeutel<br \/>\n2 Wolldecken<br \/>\nFahrzeugverbandskasten<br \/>\ndiverses Unterlegholz<br \/>\n2 Kunststoffunterlegtreppe<br \/>\n2 Fahrzeugwarndreiecke<br \/>\n2 gro\u00dfe Warndreiecke<br \/>\n6 Verkehrsleitkegel und einsteckbar 4 Warnblitzer<br \/>\n2 Bodenhindernisleuchten<br \/>\n2 Winkerkellen<br \/>\n500 m Absperrband<br \/>\n3 Handscheinwerfer<br \/>\n2 Arbeitsleinen<br \/>\n2 Gurtmesser<br \/>\nmehrere Schlauchabschnitte als Schnittschutzabdeckung<br \/>\nGlass\u00e4ge mit K\u00f6rner (zum Herausnehmen von Frontscheiben)<\/strong><\/span><\/p>\n<p>&nbsp;<\/p>\n<p><a href=\"https:\/\/feuerwehr-hambach.de\/?page_id=1301\">zur\u00fcck<\/a><\/p>\n","protected":false},"excerpt":{"rendered":"<p>R\u00fcstwagen RW 1 Funkrufname: Florian Hambach 62\/1 Fahrgestell: Mercedes Benz Unimog 1300 L Aufbau: Ziegler Baujahr: 1984 Anschaffung: 1996 vom Feuerwehrverein bezuschusst Gewicht: 7,49 t Besatzung: Trupp 1+2 4 m Funkger\u00e4t 2 x 2 m Funkger\u00e4te Maul-Anh\u00e4ngerkupplung Gefahrgutschl\u00fcsselbuch Handsuchscheinwerfer mehrere [&hellip;]<\/p>\n","protected":false},"author":2,"featured_media":0,"parent":1333,"menu_order":11,"comment_status":"closed","ping_status":"closed","template":"","meta":{"footnotes":""},"_links":{"self":[{"href":"https:\/\/feuerwehr-hambach.de\/index.php?rest_route=\/wp\/v2\/pages\/28"}],"collection":[{"href":"https:\/\/feuerwehr-hambach.de\/index.php?rest_route=\/wp\/v2\/pages"}],"about":[{"href":"https:\/\/feuerwehr-hambach.de\/index.php?rest_route=\/wp\/v2\/types\/page"}],"author":[{"embeddable":true,"href":"https:\/\/feuerwehr-hambach.de\/index.php?rest_route=\/wp\/v2\/users\/2"}],"replies":[{"embeddable":true,"href":"https:\/\/feuerwehr-hambach.de\/index.php?rest_route=%2Fwp%2Fv2%2Fcomments&post=28"}],"version-history":[{"count":9,"href":"https:\/\/feuerwehr-hambach.de\/index.php?rest_route=\/wp\/v2\/pages\/28\/revisions"}],"predecessor-version":[{"id":1504,"href":"https:\/\/feuerwehr-hambach.de\/index.php?rest_route=\/wp\/v2\/pages\/28\/revisions\/1504"}],"up":[{"embeddable":true,"href":"https:\/\/feuerwehr-hambach.de\/index.php?rest_route=\/wp\/v2\/pages\/1333"}],"wp:attachment":[{"href":"https:\/\/feuerwehr-hambach.de\/index.php?rest_route=%2Fwp%2Fv2%2Fmedia&parent=28"}],"curies":[{"name":"wp","href":"https:\/\/api.w.org\/{rel}","templated":true}]}}