{"id":267,"date":"2012-01-22T22:08:48","date_gmt":"2012-01-22T22:08:48","guid":{"rendered":"http:\/\/feuerwehr-hambach.de\/?page_id=267"},"modified":"2016-09-26T12:31:37","modified_gmt":"2016-09-26T12:31:37","slug":"gruppe-2","status":"publish","type":"page","link":"https:\/\/feuerwehr-hambach.de\/?page_id=267","title":{"rendered":"Gruppe 2"},"content":{"rendered":"<p>Behr Stefan<br \/>\nBelz Friedrich<br \/>\nButterhof Stefan<br \/>\nEck Paul<br \/>\nGeiling Martin<br \/>\nG\u00f6tz Thomas<br \/>\nKalla Denis<br \/>\nLieblein Stefan<br \/>\nMei\u00dfler Andy<br \/>\nRenninger Roland<br \/>\nSch\u00f6ller Andreas<br \/>\nSeel Alexander<br \/>\nWacker Heiko<br \/>\nWahler G\u00fcnter<br \/>\nWeidinger Thomas<br \/>\nZweier Matthias<\/p>\n<p>&nbsp;<\/p>\n","protected":false},"excerpt":{"rendered":"<p>Behr Stefan Belz Friedrich Butterhof Stefan Eck Paul Geiling Martin G\u00f6tz Thomas Kalla Denis Lieblein Stefan Mei\u00dfler Andy Renninger Roland Sch\u00f6ller Andreas Seel Alexander Wacker Heiko Wahler G\u00fcnter Weidinger Thomas Zweier Matthias &nbsp;<\/p>\n","protected":false},"author":2,"featured_media":0,"parent":19,"menu_order":15,"comment_status":"closed","ping_status":"open","template":"","meta":{"footnotes":""},"_links":{"self":[{"href":"https:\/\/feuerwehr-hambach.de\/index.php?rest_route=\/wp\/v2\/pages\/267"}],"collection":[{"href":"https:\/\/feuerwehr-hambach.de\/index.php?rest_route=\/wp\/v2\/pages"}],"about":[{"href":"https:\/\/feuerwehr-hambach.de\/index.php?rest_route=\/wp\/v2\/types\/page"}],"author":[{"embeddable":true,"href":"https:\/\/feuerwehr-hambach.de\/index.php?rest_route=\/wp\/v2\/users\/2"}],"replies":[{"embeddable":true,"href":"https:\/\/feuerwehr-hambach.de\/index.php?rest_route=%2Fwp%2Fv2%2Fcomments&post=267"}],"version-history":[{"count":5,"href":"https:\/\/feuerwehr-hambach.de\/index.php?rest_route=\/wp\/v2\/pages\/267\/revisions"}],"predecessor-version":[{"id":1383,"href":"https:\/\/feuerwehr-hambach.de\/index.php?rest_route=\/wp\/v2\/pages\/267\/revisions\/1383"}],"up":[{"embeddable":true,"href":"https:\/\/feuerwehr-hambach.de\/index.php?rest_route=\/wp\/v2\/pages\/19"}],"wp:attachment":[{"href":"https:\/\/feuerwehr-hambach.de\/index.php?rest_route=%2Fwp%2Fv2%2Fmedia&parent=267"}],"curies":[{"name":"wp","href":"https:\/\/api.w.org\/{rel}","templated":true}]}}