{"id":1362,"date":"2016-09-24T11:32:51","date_gmt":"2016-09-24T11:32:51","guid":{"rendered":"http:\/\/feuerwehr-hambach.de\/?page_id=1362"},"modified":"2016-09-24T11:39:30","modified_gmt":"2016-09-24T11:39:30","slug":"rauchmelder","status":"publish","type":"page","link":"https:\/\/feuerwehr-hambach.de\/?page_id=1362","title":{"rendered":"Rauchmelder"},"content":{"rendered":"<p>&nbsp;<\/p>\n<h2>\u00dcberraschen Sie Ihre Lieben mit einem kleinen Lebensretter<\/h2>\n<p>Die<img decoding=\"async\" class=\"alignleft\" src=\"https:\/\/feuerwehr-hambach.de\/wp-content\/uploads\/2011\/03\/weihn-rauchmelder_kl.jpg\" alt=\"Rauchmelder Geschenk\" \/>ser Lebensretter passt garantiert auf jeden Gabentisch:<\/p>\n<div>Schenken Sie Sicherheit! Schenken Sie einen Rauchmelder!<\/div>\n<p style=\"text-align: left;\">Ein Appell vor allem an alle Eltern, die f\u00fcr sich und ihre Kinder ein St\u00fcck mehr Sicherheit haben wollen. Aber auch f\u00fcr Freunde, Verwandte, Kollegen oder Gesch\u00e4ftspartner sind die handlichen \u00a0 \u00a0 \u00a0 \u00a0 \u00a0 \u00a0 \u00a0 \u00a0 \u00a0 \u00a0 \u00a0 \u00a0 \u00a0 \u00a0 \u00a0 \u00a0 \u00a0 \u00a0 \u00a0 \u00a0 \u00a0 \u00a0 \u00a0 \u00a0 \u00a0 \u00a0 \u00a0 \u00a0 \u00a0 \u00a0 \u00a0 \u00a0 \u00a0 \u00a0 \u00a0 \u00a0 \u00a0 \u00a0 \u00a0 \u00a0 \u00a0 \u00a0 \u00a0 \u00a0 \u00a0 \u00a0 \u00a0 \u00a0 Lebensretter ein passendes Geschenk.<\/p>\n<p>Gerade in der Advents- und Weihnachtszeit m\u00fcssen die Feuerwehren immer wieder bei tragischen Brandungl\u00fccken helfen, die durch Kerzen verursacht wurden. Rauchmelder w\u00fcrden hier in fast jedem Fall das Schlimmste verhindern.<\/p>\n<p>Da bereits das Einatmen einer Lungenf\u00fcllung mit Brandrauch t\u00f6dlich sein kann, ist ein Rauchmelder der beste Lebensretter in Ihrer Wohnung. Der laute Alarm des Rauchmelders warnt Sie und ihre Kinder auch im Schlaf rechtzeitig vor der Brandgefahr und gibt Ihnen den n\u00f6tigen Vorsprung, sich und Ihre Familie in Sicherheit zu bringen und die Feuerwehr \u00fcber den Feuerwehrnotruf 112 zu alarmieren.<\/p>\n<p>Heimrauchmelder mit dem Pr\u00fcfzeichen gibt es kosteng\u00fcnstig unter anderem in Baum\u00e4rkten, Verbraucherm\u00e4rkten, im Feuerwehr- und im Elektrofachhandel. Sie k\u00f6nnen sich auch \u00fcber Internet informieren und die Rauchmelder dort bestellen. Hier einige Internet-Adressen:<\/p>\n<ul>\n<li><a href=\"http:\/\/www.feuerwehrversand.de\/\" target=\"_blank\">www.feuerwehrversand.de<\/a><\/li>\n<li><a href=\"http:\/\/www.brandschutzaufklaerung.de\/\" target=\"_blank\">www.brandschutzaufklaerung.de<\/a><\/li>\n<li><a href=\"http:\/\/www.feuerwehrserviceshop.de\/\" target=\"_blank\">www.feuerwehrserviceshop.de<\/a><\/li>\n<li><a href=\"http:\/\/www.dassicherehaus.de\/\" target=\"_blank\">www.dassicherehaus.de<\/a><\/li>\n<\/ul>\n<p>Beim Kauf von Rauchmeldern achten Sie besonders darauf, dass die Ger\u00e4te ein VdS-Pr\u00fcfzeichen haben; das garantiert, dass sie in kurzer Zeit und bei einer niedrigen Rauchgaskonzentration ansprechen und alarmieren; Rauchmelder sollten zus\u00e4tzlich das GS- und CE-Zeichen besitzen.<\/p>\n<p>F\u00fcr einen Mindestschutz gilt als Faustregel: Ein Rauchmelder im Flur pro Etage sowie in den Schlafzimmern \u2013 vor allem im Kinderzimmer! Um Fehlalarme zu vermeiden, achten Sie darauf, dass die Rauchmelder nicht in R\u00e4umen eingesetzt werden, in denen Wasserdampf oder eine hohe Rauch-\/ Staubbelastung vorkommen kann.<\/p>\n<p>Die handlichen Ger\u00e4te lassen sich auch ohne handwerkliches Geschick an der Zimmerdecke montieren. Mehr Informationen und Praxisbeispiele gibt es im Internet unter <strong><a href=\"http:\/\/www.rauchmelder-lebensretter.de\/\" target=\"_blank\">www.rauchmelder-lebensretter.de<\/a><\/strong><\/p>\n<p>&nbsp;<\/p>\n","protected":false},"excerpt":{"rendered":"<p>&nbsp; \u00dcberraschen Sie Ihre Lieben mit einem kleinen Lebensretter Dieser Lebensretter passt garantiert auf jeden Gabentisch: Schenken Sie Sicherheit! Schenken Sie einen Rauchmelder! Ein Appell vor allem an alle Eltern, die f\u00fcr sich und ihre Kinder ein St\u00fcck mehr Sicherheit [&hellip;]<\/p>\n","protected":false},"author":23,"featured_media":0,"parent":1351,"menu_order":0,"comment_status":"closed","ping_status":"closed","template":"","meta":{"footnotes":""},"_links":{"self":[{"href":"https:\/\/feuerwehr-hambach.de\/index.php?rest_route=\/wp\/v2\/pages\/1362"}],"collection":[{"href":"https:\/\/feuerwehr-hambach.de\/index.php?rest_route=\/wp\/v2\/pages"}],"about":[{"href":"https:\/\/feuerwehr-hambach.de\/index.php?rest_route=\/wp\/v2\/types\/page"}],"author":[{"embeddable":true,"href":"https:\/\/feuerwehr-hambach.de\/index.php?rest_route=\/wp\/v2\/users\/23"}],"replies":[{"embeddable":true,"href":"https:\/\/feuerwehr-hambach.de\/index.php?rest_route=%2Fwp%2Fv2%2Fcomments&post=1362"}],"version-history":[{"count":7,"href":"https:\/\/feuerwehr-hambach.de\/index.php?rest_route=\/wp\/v2\/pages\/1362\/revisions"}],"predecessor-version":[{"id":1369,"href":"https:\/\/feuerwehr-hambach.de\/index.php?rest_route=\/wp\/v2\/pages\/1362\/revisions\/1369"}],"up":[{"embeddable":true,"href":"https:\/\/feuerwehr-hambach.de\/index.php?rest_route=\/wp\/v2\/pages\/1351"}],"wp:attachment":[{"href":"https:\/\/feuerwehr-hambach.de\/index.php?rest_route=%2Fwp%2Fv2%2Fmedia&parent=1362"}],"curies":[{"name":"wp","href":"https:\/\/api.w.org\/{rel}","templated":true}]}}