{"id":1355,"date":"2016-09-24T11:16:23","date_gmt":"2016-09-24T11:16:23","guid":{"rendered":"http:\/\/feuerwehr-hambach.de\/?page_id=1355"},"modified":"2016-09-24T11:43:26","modified_gmt":"2016-09-24T11:43:26","slug":"rettungskarte","status":"publish","type":"page","link":"https:\/\/feuerwehr-hambach.de\/?page_id=1355","title":{"rendered":"Rettungskarte"},"content":{"rendered":"<h2><strong>Die Rettungskarte<\/strong><\/h2>\n<p><a href=\"https:\/\/feuerwehr-hambach.de\/wp-content\/uploads\/2016\/09\/Rettungskarte.jpg\"><img loading=\"lazy\" decoding=\"async\" class=\"wp-image-1371 aligncenter\" src=\"https:\/\/feuerwehr-hambach.de\/wp-content\/uploads\/2016\/09\/Rettungskarte-300x119.jpg\" alt=\"rettungskarte\" width=\"489\" height=\"194\" srcset=\"https:\/\/feuerwehr-hambach.de\/wp-content\/uploads\/2016\/09\/Rettungskarte-300x119.jpg 300w, https:\/\/feuerwehr-hambach.de\/wp-content\/uploads\/2016\/09\/Rettungskarte.jpg 378w\" sizes=\"(max-width: 489px) 100vw, 489px\" \/><\/a><\/p>\n<p><a href=\"https:\/\/feuerwehr-hambach.de\/wp-content\/uploads\/2016\/09\/Download.jpg\"><img loading=\"lazy\" decoding=\"async\" class=\"wp-image-1372 aligncenter\" src=\"https:\/\/feuerwehr-hambach.de\/wp-content\/uploads\/2016\/09\/Download.jpg\" alt=\"download\" width=\"484\" height=\"233\" \/><\/a><\/p>\n<p class=\"tiny_p\">Moderne Autotechnik bietet mehr Sicherheit, erschwert aber teilweise die rasche Befreiung der Insassen. Wo an der Karosserie Spreizer und Schere anzusetzen sind, welche Vorsichtsma\u00dfnahmen n\u00f6tig sind, um Airbags nicht nachtr\u00e4glich auszul\u00f6sen, ist den Einsatzkr\u00e4ften nicht immer bekannt. F\u00fcr schnellere Rettung sorgt die vom ADAC eingef\u00fchrte und als Standard gesetzte Rettungskarte. Diese muss einheitlich hinter der Fahrersonnenblende angebracht werden.<\/p>\n<p class=\"tiny_p\">Quelle ADAC<\/p>\n<p class=\"tiny_p\">Weiter Infos unter <a href=\"http:\/\/www.adac.de\/infotestrat\/ratgeber-verkehr\/sicher-unterwegs\/rettungskarte\/default.aspx?ComponentId=32955&amp;SourcePageId=8749&amp;quer=rettungskarte\" target=\"_blank\">ADAC Rettungskarte<\/a><\/p>\n","protected":false},"excerpt":{"rendered":"<p>Die Rettungskarte Moderne Autotechnik bietet mehr Sicherheit, erschwert aber teilweise die rasche Befreiung der Insassen. Wo an der Karosserie Spreizer und Schere anzusetzen sind, welche Vorsichtsma\u00dfnahmen n\u00f6tig sind, um Airbags nicht nachtr\u00e4glich auszul\u00f6sen, ist den Einsatzkr\u00e4ften nicht immer bekannt. F\u00fcr [&hellip;]<\/p>\n","protected":false},"author":23,"featured_media":0,"parent":1351,"menu_order":0,"comment_status":"closed","ping_status":"closed","template":"","meta":{"footnotes":""},"_links":{"self":[{"href":"https:\/\/feuerwehr-hambach.de\/index.php?rest_route=\/wp\/v2\/pages\/1355"}],"collection":[{"href":"https:\/\/feuerwehr-hambach.de\/index.php?rest_route=\/wp\/v2\/pages"}],"about":[{"href":"https:\/\/feuerwehr-hambach.de\/index.php?rest_route=\/wp\/v2\/types\/page"}],"author":[{"embeddable":true,"href":"https:\/\/feuerwehr-hambach.de\/index.php?rest_route=\/wp\/v2\/users\/23"}],"replies":[{"embeddable":true,"href":"https:\/\/feuerwehr-hambach.de\/index.php?rest_route=%2Fwp%2Fv2%2Fcomments&post=1355"}],"version-history":[{"count":4,"href":"https:\/\/feuerwehr-hambach.de\/index.php?rest_route=\/wp\/v2\/pages\/1355\/revisions"}],"predecessor-version":[{"id":1374,"href":"https:\/\/feuerwehr-hambach.de\/index.php?rest_route=\/wp\/v2\/pages\/1355\/revisions\/1374"}],"up":[{"embeddable":true,"href":"https:\/\/feuerwehr-hambach.de\/index.php?rest_route=\/wp\/v2\/pages\/1351"}],"wp:attachment":[{"href":"https:\/\/feuerwehr-hambach.de\/index.php?rest_route=%2Fwp%2Fv2%2Fmedia&parent=1355"}],"curies":[{"name":"wp","href":"https:\/\/api.w.org\/{rel}","templated":true}]}}