{"id":1301,"date":"2016-09-22T15:38:47","date_gmt":"2016-09-22T15:38:47","guid":{"rendered":"http:\/\/feuerwehr-hambach.de\/?page_id=1301"},"modified":"2016-09-22T16:49:06","modified_gmt":"2016-09-22T16:49:06","slug":"technik","status":"publish","type":"page","link":"https:\/\/feuerwehr-hambach.de\/?page_id=1301","title":{"rendered":"Technik"},"content":{"rendered":"<h3><strong>Feuerwehreinsatzfahrzeuge:\u00a0<\/strong><\/h3>\n<p><a href=\"https:\/\/feuerwehr-hambach.de\/?page_id=1286\">Hilfeleistungsl\u00f6schgruppenfahrzeug \u00a0HLF 20<\/a><\/p>\n<p><a href=\"https:\/\/feuerwehr-hambach.de\/?page_id=28\">R\u00fcstwagen \u00a0RW 1<\/a><\/p>\n<p><a href=\"https:\/\/feuerwehr-hambach.de\/?page_id=1305\">Kleinalarmfahrzeug \u00a0KLAF<\/a><\/p>\n<p>Als Erg\u00e4nzung stehen uns je nach Einsatz verschiedene Anh\u00e4nger mit Zusatzausr\u00fcstung zur Verf\u00fcgung.<\/p>\n<p><a href=\"https:\/\/feuerwehr-hambach.de\/?page_id=1307\">Tragkraftspritzenanh\u00e4nger TSA<\/a><\/p>\n<p><a href=\"https:\/\/feuerwehr-hambach.de\/?page_id=68\">Anh\u00e4ngeleiter \u00a0AL 12<\/a><\/p>\n<p><a href=\"https:\/\/feuerwehr-hambach.de\/?page_id=1309\">Verkehrssicherungsanh\u00e4nger \u00a0VSA<\/a><\/p>\n<p><a href=\"https:\/\/feuerwehr-hambach.de\/?page_id=1312\">Mehrzweckanh\u00e4nger<\/a><\/p>\n<p>&nbsp;<\/p>\n<p>Erg\u00e4nzt werden diese je nach Einsatz durch Fahrzeuge und Ger\u00e4te des Bauhofs der Gemeinde Dittelbrunn. So konnten wir beim Brand eines Holzstosses auf den Radlader der Gemeinde zur\u00fcckgreifen.<\/p>\n<p>&nbsp;<\/p>\n<p><a href=\"https:\/\/feuerwehr-hambach.de\/?page_id=1333\">Ehemalige Einsatzfahrzeuge\u00a0und Anh\u00e4nger<\/a><\/p>\n<p>&nbsp;<\/p>\n<p>&nbsp;<\/p>\n","protected":false},"excerpt":{"rendered":"<p>Feuerwehreinsatzfahrzeuge:\u00a0 Hilfeleistungsl\u00f6schgruppenfahrzeug \u00a0HLF 20 R\u00fcstwagen \u00a0RW 1 Kleinalarmfahrzeug \u00a0KLAF Als Erg\u00e4nzung stehen uns je nach Einsatz verschiedene Anh\u00e4nger mit Zusatzausr\u00fcstung zur Verf\u00fcgung. Tragkraftspritzenanh\u00e4nger TSA Anh\u00e4ngeleiter \u00a0AL 12 Verkehrssicherungsanh\u00e4nger \u00a0VSA Mehrzweckanh\u00e4nger &nbsp; Erg\u00e4nzt werden diese je nach Einsatz durch Fahrzeuge und [&hellip;]<\/p>\n","protected":false},"author":23,"featured_media":0,"parent":0,"menu_order":3,"comment_status":"closed","ping_status":"closed","template":"","meta":{"footnotes":""},"_links":{"self":[{"href":"https:\/\/feuerwehr-hambach.de\/index.php?rest_route=\/wp\/v2\/pages\/1301"}],"collection":[{"href":"https:\/\/feuerwehr-hambach.de\/index.php?rest_route=\/wp\/v2\/pages"}],"about":[{"href":"https:\/\/feuerwehr-hambach.de\/index.php?rest_route=\/wp\/v2\/types\/page"}],"author":[{"embeddable":true,"href":"https:\/\/feuerwehr-hambach.de\/index.php?rest_route=\/wp\/v2\/users\/23"}],"replies":[{"embeddable":true,"href":"https:\/\/feuerwehr-hambach.de\/index.php?rest_route=%2Fwp%2Fv2%2Fcomments&post=1301"}],"version-history":[{"count":7,"href":"https:\/\/feuerwehr-hambach.de\/index.php?rest_route=\/wp\/v2\/pages\/1301\/revisions"}],"predecessor-version":[{"id":1335,"href":"https:\/\/feuerwehr-hambach.de\/index.php?rest_route=\/wp\/v2\/pages\/1301\/revisions\/1335"}],"wp:attachment":[{"href":"https:\/\/feuerwehr-hambach.de\/index.php?rest_route=%2Fwp%2Fv2%2Fmedia&parent=1301"}],"curies":[{"name":"wp","href":"https:\/\/api.w.org\/{rel}","templated":true}]}}